{"id":16,"date":"2021-11-21T15:14:44","date_gmt":"2021-11-21T15:14:44","guid":{"rendered":"http:\/\/naturamystica.ch\/?page_id=16"},"modified":"2026-01-05T12:46:42","modified_gmt":"2026-01-05T12:46:42","slug":"contact","status":"publish","type":"page","link":"https:\/\/naturamystica.ch\/?page_id=16","title":{"rendered":"Contact"},"content":{"rendered":"\t\t<div data-elementor-type=\"wp-page\" data-elementor-id=\"16\" class=\"elementor elementor-16\">\n\t\t\t\t\t\t\t\t\t<section class=\"elementor-section elementor-top-section elementor-element elementor-element-d0d31ae elementor-section-full_width elementor-section-height-default elementor-section-height-default\" data-id=\"d0d31ae\" data-element_type=\"section\" data-settings=\"{&quot;background_background&quot;:&quot;classic&quot;}\">\n\t\t\t\t\t\t<div class=\"elementor-container elementor-column-gap-default\">\n\t\t\t\t\t<div class=\"elementor-column elementor-col-50 elementor-top-column elementor-element elementor-element-b2c4f9d\" data-id=\"b2c4f9d\" data-element_type=\"column\">\n\t\t\t<div class=\"elementor-widget-wrap\">\n\t\t\t\t\t\t\t\t\t<\/div>\n\t\t<\/div>\n\t\t\t\t<div class=\"elementor-column elementor-col-50 elementor-top-column elementor-element elementor-element-175ce1d\" data-id=\"175ce1d\" data-element_type=\"column\">\n\t\t\t<div class=\"elementor-widget-wrap elementor-element-populated\">\n\t\t\t\t\t\t\t\t<div class=\"elementor-element elementor-element-69057d5 elementor-widget elementor-widget-text-editor\" data-id=\"69057d5\" data-element_type=\"widget\" data-widget_type=\"text-editor.default\">\n\t\t\t\t<div class=\"elementor-widget-container\">\n\t\t\t<style>\/*! elementor - v3.7.8 - 02-10-2022 *\/\n.elementor-widget-text-editor.elementor-drop-cap-view-stacked .elementor-drop-cap{background-color:#818a91;color:#fff}.elementor-widget-text-editor.elementor-drop-cap-view-framed .elementor-drop-cap{color:#818a91;border:3px solid;background-color:transparent}.elementor-widget-text-editor:not(.elementor-drop-cap-view-default) .elementor-drop-cap{margin-top:8px}.elementor-widget-text-editor:not(.elementor-drop-cap-view-default) .elementor-drop-cap-letter{width:1em;height:1em}.elementor-widget-text-editor .elementor-drop-cap{float:left;text-align:center;line-height:1;font-size:50px}.elementor-widget-text-editor .elementor-drop-cap-letter{display:inline-block}<\/style>\t\t\t\t<p>\u00a0<\/p><p>Meine Praxis<\/p>\t\t\t\t\t\t<\/div>\n\t\t\t\t<\/div>\n\t\t\t\t\t<\/div>\n\t\t<\/div>\n\t\t\t\t\t\t\t<\/div>\n\t\t<\/section>\n\t\t\t\t<section class=\"elementor-section elementor-top-section elementor-element elementor-element-0783a1d elementor-section-full_width elementor-section-height-default elementor-section-height-default\" data-id=\"0783a1d\" data-element_type=\"section\">\n\t\t\t\t\t\t<div class=\"elementor-container elementor-column-gap-default\">\n\t\t\t\t\t<div class=\"elementor-column elementor-col-100 elementor-top-column elementor-element elementor-element-6bef8c1\" data-id=\"6bef8c1\" data-element_type=\"column\" data-settings=\"{&quot;background_background&quot;:&quot;classic&quot;}\">\n\t\t\t<div class=\"elementor-widget-wrap elementor-element-populated\">\n\t\t\t\t\t\t\t\t<div class=\"elementor-element elementor-element-f2a7594 elementor-view-default elementor-widget elementor-widget-icon\" data-id=\"f2a7594\" data-element_type=\"widget\" data-widget_type=\"icon.default\">\n\t\t\t\t<div class=\"elementor-widget-container\">\n\t\t\t\t\t<div class=\"elementor-icon-wrapper\">\n\t\t\t<div class=\"elementor-icon\">\n\t\t\t<svg xmlns=\"http:\/\/www.w3.org\/2000\/svg\" xmlns:xlink=\"http:\/\/www.w3.org\/1999\/xlink\" id=\"Layer_1\" x=\"0px\" y=\"0px\" viewBox=\"0 0 200 200\" style=\"enable-background:new 0 0 200 200;\" xml:space=\"preserve\"><g id=\"XMLID_2_\">\t<path id=\"XMLID_29_\" d=\"M126,140.8c2.1,1.1,3.4,1.8,4.7,2.5c4.8,2.6,9.9,4.8,14.1,8c3.5,2.7,6.8,6.4,8.8,10.3  c3.4,6.6,6.3,13.3,12.5,18.2c-15.6,0.2-30.7-1.2-45-8.5c-4.9,6.1-10.9,10.8-17.5,14.6c-2.6,1.5-4.8,1.8-7.1-0.1  c-5.8-4.6-11.6-9.1-17.9-14.2c-13.3,6.8-28.6,8.3-44.8,8.9c0.7-1.2,1-1.9,1.6-2.4c4.6-3.9,7.8-8.7,9.9-14.3c3-7.7,9-12.7,16-16.5  c3.8-2,7.7-3.8,12.8-6.3c-4.4-0.8-7.6-1.5-10.9-1.9c-17.3-2.4-30.1-10.8-36.9-27.3c-3-7.2-5.9-14.5-8.7-21.8  c-5.5-14.6-7-17-17.8-27.5c8.4-0.9,16.2-0.3,23.9,1.2c7.9,1.6,15.3,4.7,22.6,10.5c-1.9-14.3-4.1-27-10.3-39.8  c18.4,1.1,33.1,7.5,44.4,21.9C87,42,93.3,28,100.1,12.9c6.6,15.1,12.8,29.3,19.1,43.9c11-14.6,26-21,44.8-22.5  c-6.2,12.8-8.3,25.6-10.4,39.8c7.3-5.4,14.4-8.7,22.2-10.3c7.9-1.6,15.8-2.1,24.2-1.5c-0.5,0.8-0.8,1.5-1.2,1.8  c-7,5.1-10.9,12.3-14,20c-2.6,6.5-5,13-7.5,19.5c-1.1,2.8-2.4,5.6-3.5,8.4c-6.8,16.2-19.3,24.6-36.4,27  C133.8,139.5,130.4,140.1,126,140.8z M99.7,27.9c-0.4,0.6-1,1.2-1.3,1.9c-5.9,11.7-10.9,23.7-14.5,36.3c-4.5,15.6-5.3,31.3-1,47  c1.4,4.9,3.6,9.9,6.6,14c5.6,7.6,15.2,7.5,21.2,0.1c2.1-2.7,3.8-5.8,5.1-9c4.8-12.1,5.5-24.7,3.5-37.3  c-2.9-18.4-10.1-35.5-18.3-52.1C100.9,28.5,100.4,28.3,99.7,27.9z M110.3,135.2c10.8,0.5,19.8-0.2,28.8-1.8  c14.2-2.6,24.1-10.4,29.7-23.8c2.3-5.6,4.6-11.3,6.9-16.9c3.4-8.1,6.8-16.3,10.4-25c-16.8,1.5-30.7,7-37.9,23.4  c-6.7,15.1-17,27.2-30.1,37.2C115.8,130.1,113.7,132.2,110.3,135.2z M14.2,67.8c4,9.9,7.7,19.2,11.5,28.3  c2.3,5.6,4.7,11.2,7.3,16.7c5.2,11,13.9,17.7,25.8,19.8c7.7,1.4,15.5,1.9,23.2,2.7c2.1,0.2,4.5,0.6,7.2-0.9  c-3.2-2.7-5.7-5.1-8.4-7.2c-12.3-9.4-22.1-20.9-28.3-35.2C45.2,75.3,31.4,69.1,14.2,67.8z M45.6,40.7c1.7,8.4,3.1,15.8,4.8,23.2  c1.6,7.2,2.9,14.5,5.3,21.5c4.2,12.3,11.6,22.7,22.1,32.2c-0.2-2.2-0.2-3.2-0.4-4.2c-3.3-14.7-3.4-29.3,0.4-43.9  c1-3.9,0.3-7.2-2-10.4C68.4,48.7,58,43.6,45.6,40.7z M154.5,40.7c-12.1,2.9-22.4,7.9-29.7,17.9c-2.7,3.7-3.6,7.5-2.3,12.2  c2.8,9.9,4,20,2.4,30.3c-0.8,5.1-1.5,10.2-2.3,15.9c1.2-0.9,2.1-1.5,2.9-2.2c12.1-12,19.8-26.3,23-43  C150.4,61.7,152.4,51.7,154.5,40.7z M118.8,162.5c-0.6-2.2-0.8-3.7-1.3-5.1c-2.8-7.3-8.6-12-15-15.8c-1.3-0.8-4.1-0.5-5.5,0.3  c-5.5,3.5-10.5,7.8-13.6,13.8c-2.5,4.8-2.2,9.5,1.5,13.3c3.9,4,8.3,7.6,12.8,11c1.1,0.8,3.6,1,4.6,0.3c4.4-3.2,8.7-6.5,12.5-10.3  C116.9,168,117.7,164.8,118.8,162.5z M153.1,173.8c-2.5-7.5-5.5-14.6-12.4-19.2c-7.5-5-15.7-8.4-25.1-10.8  c2.6,4.2,5.1,7.3,6.4,10.9c1.3,3.5,1.5,7.5,2.2,11.4C131.6,170.9,144.2,174.3,153.1,173.8z M85,144.4c-20.1,2.6-34.2,14-37.5,30.2  c10.1-1.8,20.2-2.6,29.1-8.7C75.6,157.6,79,151.1,85,144.4z\"><\/path><\/g><\/svg>\t\t\t<\/div>\n\t\t<\/div>\n\t\t\t\t<\/div>\n\t\t\t\t<\/div>\n\t\t\t\t\t<\/div>\n\t\t<\/div>\n\t\t\t\t\t\t\t<\/div>\n\t\t<\/section>\n\t\t\t\t<section class=\"elementor-section elementor-top-section elementor-element elementor-element-f4d4480 elementor-section-boxed elementor-section-height-default elementor-section-height-default\" data-id=\"f4d4480\" data-element_type=\"section\" data-settings=\"{&quot;background_background&quot;:&quot;classic&quot;}\">\n\t\t\t\t\t\t<div class=\"elementor-container elementor-column-gap-default\">\n\t\t\t\t\t<div class=\"elementor-column elementor-col-100 elementor-top-column elementor-element elementor-element-c241381\" data-id=\"c241381\" data-element_type=\"column\">\n\t\t\t<div class=\"elementor-widget-wrap elementor-element-populated\">\n\t\t\t\t\t\t\t\t<div class=\"elementor-element elementor-element-7919dd8 elementor-widget elementor-widget-text-editor\" data-id=\"7919dd8\" data-element_type=\"widget\" data-widget_type=\"text-editor.default\">\n\t\t\t\t<div class=\"elementor-widget-container\">\n\t\t\t\t\t\t\t<p><strong style=\"font-style: inherit;\">Kontakt \/ Anfahrt:<\/strong><\/p>\n<p>Der Praxisraum befindet sich 5 Gehminuten vom Bahnhof Winterthur entfernt an ruhiger Lage an der Heiligbergstrasse 38, 8400 Winterthur.<\/p>\n<p>Vor dem Haus hat es Parkpl\u00e4tze zur Verf\u00fcgung, falls mit dem Auto angereist wird.<\/p>\n<p>Der Praxisraum befindet sich im dritten Stock des Therapiehauses ohne Lift.<\/p>\n<p><\/p>\n<p>Auch findest du mich bei Origin Massage St.Gallen an der Zwinglistrasse 6, dort kannst du einen Termin bei mir direkt online buchen:&nbsp;<a href=\"https:\/\/origin-massage.ch\/st-gallen\" style=\"-webkit-text-size-adjust: 100%;\">https:\/\/origin-massage.ch\/st-gallen<\/a><\/p>\n<p><br><\/p>\n<p><\/p>\n<p><strong>Preise:&nbsp;<\/strong><\/p>\n<p>Eine Behandlung dauert 60 &#8211; 120 Minuten, je nach Bedarf. Der Stundenansatz betr\u00e4gt 144.- . In dieser Zeit ist die Anamnese, der k\u00f6rperlich-diagnostische Status sowie die manuelle Behandlung oder die gew\u00e4hlte Therapiemethode mit einberechnet.<\/p>\n<p><br><\/p>\n<p><\/p>\n<p><strong>Anerkennung Zusatzversicherung:<\/strong><\/p>\n<p>Ich bin bei EMR als Naturheilpraktikerin registriert und somit von den Zusatzversicherungen anerkannt. Deine Zusatzversicherung \u00fcbernimmt je nach dem 70-90% der Kosten der Behandlung, dies kommt auf dein Versicherungsmodell an.<\/p>\n<p>Bitte kl\u00e4re selber bei deiner Zusatzversicherung ab, inwiefern sie meine Behandlungen verg\u00fcten, Grunds\u00e4tzlich ist die Naturheilkunde von allen Zusatzversicherungen anerkannt.<\/p>\n<p><\/p>\t\t\t\t\t\t<\/div>\n\t\t\t\t<\/div>\n\t\t\t\t\t<\/div>\n\t\t<\/div>\n\t\t\t\t\t\t\t<\/div>\n\t\t<\/section>\n\t\t\t\t<section class=\"elementor-section elementor-top-section elementor-element elementor-element-584c764 elementor-section-full_width elementor-section-height-default elementor-section-height-default\" data-id=\"584c764\" data-element_type=\"section\">\n\t\t\t\t\t\t<div class=\"elementor-container elementor-column-gap-default\">\n\t\t\t\t\t<div class=\"elementor-column elementor-col-100 elementor-top-column elementor-element elementor-element-0be40a6\" data-id=\"0be40a6\" data-element_type=\"column\" data-settings=\"{&quot;background_background&quot;:&quot;classic&quot;}\">\n\t\t\t<div class=\"elementor-widget-wrap elementor-element-populated\">\n\t\t\t\t\t\t\t\t<div class=\"elementor-element elementor-element-0fa03e0 elementor-widget elementor-widget-menu-anchor\" data-id=\"0fa03e0\" data-element_type=\"widget\" data-widget_type=\"menu-anchor.default\">\n\t\t\t\t<div class=\"elementor-widget-container\">\n\t\t\t<style>\/*! elementor - v3.7.8 - 02-10-2022 *\/\nbody.elementor-page .elementor-widget-menu-anchor{margin-bottom:0}<\/style>\t\t<div id=\"Buchung\" class=\"elementor-menu-anchor\"><\/div>\n\t\t\t\t<\/div>\n\t\t\t\t<\/div>\n\t\t\t\t<div class=\"elementor-element elementor-element-01098ad elementor-widget elementor-widget-text-editor\" data-id=\"01098ad\" data-element_type=\"widget\" data-widget_type=\"text-editor.default\">\n\t\t\t\t<div class=\"elementor-widget-container\">\n\t\t\t\t\t\t\t<p><strong>Kontaktiere mich f\u00fcr eine Terminanfrage<\/strong><\/p>\t\t\t\t\t\t<\/div>\n\t\t\t\t<\/div>\n\t\t\t\t\t<\/div>\n\t\t<\/div>\n\t\t\t\t\t\t\t<\/div>\n\t\t<\/section>\n\t\t\t\t<section class=\"elementor-section elementor-top-section elementor-element elementor-element-1bc9eab elementor-section-boxed elementor-section-height-default elementor-section-height-default\" data-id=\"1bc9eab\" data-element_type=\"section\" data-settings=\"{&quot;background_background&quot;:&quot;classic&quot;}\">\n\t\t\t\t\t\t<div class=\"elementor-container elementor-column-gap-default\">\n\t\t\t\t\t<div class=\"elementor-column elementor-col-100 elementor-top-column elementor-element elementor-element-db8c228\" data-id=\"db8c228\" data-element_type=\"column\">\n\t\t\t<div class=\"elementor-widget-wrap elementor-element-populated\">\n\t\t\t\t\t\t\t\t<div class=\"elementor-element elementor-element-962ca37 elementor-widget elementor-widget-wpforms\" data-id=\"962ca37\" data-element_type=\"widget\" data-widget_type=\"wpforms.default\">\n\t\t\t\t<div class=\"elementor-widget-container\">\n\t\t\t<div class=\"wpforms-container \" id=\"wpforms-2081\"><form id=\"wpforms-form-2081\" class=\"wpforms-validate wpforms-form wpforms-ajax-form\" data-formid=\"2081\" method=\"post\" enctype=\"multipart\/form-data\" action=\"\/index.php?rest_route=%2Fwp%2Fv2%2Fpages%2F16\" data-token=\"dc7527e5ad954dfdae63bd03e68e460e\"><noscript class=\"wpforms-error-noscript\">Please enable JavaScript in your browser to complete this form.<\/noscript><div class=\"wpforms-field-container\"><div id=\"wpforms-2081-field_0-container\" class=\"wpforms-field wpforms-field-name\" data-field-id=\"0\"><label class=\"wpforms-field-label\" for=\"wpforms-2081-field_0\">Name <span class=\"wpforms-required-label\">*<\/span><\/label><input type=\"text\" id=\"wpforms-2081-field_0\" class=\"wpforms-field-medium wpforms-field-required\" name=\"wpforms[fields][0]\" required><\/div><div id=\"wpforms-2081-field_1-container\" class=\"wpforms-field wpforms-field-email\" data-field-id=\"1\"><label class=\"wpforms-field-label\" for=\"wpforms-2081-field_1\">Email <span class=\"wpforms-required-label\">*<\/span><\/label><input type=\"email\" id=\"wpforms-2081-field_1\" class=\"wpforms-field-medium wpforms-field-required\" name=\"wpforms[fields][1]\" required><\/div><div id=\"wpforms-2081-field_3-container\" class=\"wpforms-field wpforms-field-number\" data-field-id=\"3\"><label class=\"wpforms-field-label\" for=\"wpforms-2081-field_3\">Telefon <span class=\"wpforms-required-label\">*<\/span><\/label><input type=\"number\" pattern=\"\\d*\" id=\"wpforms-2081-field_3\" class=\"wpforms-field-medium wpforms-field-required\" name=\"wpforms[fields][3]\" required><\/div><div id=\"wpforms-2081-field_7-container\" class=\"wpforms-field wpforms-field-select wpforms-field-select-style-classic\" data-field-id=\"7\"><label class=\"wpforms-field-label\" for=\"wpforms-2081-field_7\">Behandlungswunsch<\/label><select id=\"wpforms-2081-field_7\" class=\"wpforms-field-medium\" name=\"wpforms[fields][7]\"><option value=\"Naturheilkundliche Beratung\" >Naturheilkundliche Beratung<\/option><option value=\"Ern\u00e4hrungsberatung\" >Ern\u00e4hrungsberatung<\/option><option value=\"Pflanzenheilkunde\" >Pflanzenheilkunde<\/option><option value=\"Schr\u00f6pftherapie\" >Schr\u00f6pftherapie<\/option><option value=\"Therapeutische Massage\" >Therapeutische Massage<\/option><option value=\"Fussreflextherapie\" >Fussreflextherapie<\/option><\/select><\/div><div id=\"wpforms-2081-field_2-container\" class=\"wpforms-field wpforms-field-textarea\" data-field-id=\"2\"><label class=\"wpforms-field-label\" for=\"wpforms-2081-field_2\">Nachricht<\/label><textarea id=\"wpforms-2081-field_2\" class=\"wpforms-field-medium\" name=\"wpforms[fields][2]\" ><\/textarea><\/div><\/div><div class=\"wpforms-submit-container\"><input type=\"hidden\" name=\"wpforms[id]\" value=\"2081\"><input type=\"hidden\" name=\"wpforms[author]\" value=\"1\"><button type=\"submit\" name=\"wpforms[submit]\" id=\"wpforms-submit-2081\" class=\"wpforms-submit\" data-alt-text=\"Sendet\" data-submit-text=\"Absenden\" aria-live=\"assertive\" value=\"wpforms-submit\">Absenden<\/button><img loading=\"lazy\" src=\"https:\/\/naturamystica.ch\/wp-content\/plugins\/wpforms-lite\/assets\/images\/submit-spin.svg\" class=\"wpforms-submit-spinner\" style=\"display: none;\" width=\"26\" height=\"26\" alt=\"Loading\"><\/div><\/form><\/div>  <!-- .wpforms-container -->\t\t<\/div>\n\t\t\t\t<\/div>\n\t\t\t\t\t<\/div>\n\t\t<\/div>\n\t\t\t\t\t\t\t<\/div>\n\t\t<\/section>\n\t\t\t\t<section class=\"elementor-section elementor-top-section elementor-element elementor-element-6178060 elementor-section-full_width elementor-section-height-default elementor-section-height-default\" data-id=\"6178060\" data-element_type=\"section\" data-settings=\"{&quot;background_background&quot;:&quot;classic&quot;}\">\n\t\t\t\t\t\t<div class=\"elementor-container elementor-column-gap-default\">\n\t\t\t\t\t<div class=\"elementor-column elementor-col-50 elementor-top-column elementor-element elementor-element-7a298de\" data-id=\"7a298de\" data-element_type=\"column\">\n\t\t\t<div class=\"elementor-widget-wrap elementor-element-populated\">\n\t\t\t\t\t\t\t\t<div class=\"elementor-element elementor-element-adb6142 elementor-widget elementor-widget-image\" data-id=\"adb6142\" data-element_type=\"widget\" data-widget_type=\"image.default\">\n\t\t\t\t<div class=\"elementor-widget-container\">\n\t\t\t<style>\/*! elementor - v3.7.8 - 02-10-2022 *\/\n.elementor-widget-image{text-align:center}.elementor-widget-image a{display:inline-block}.elementor-widget-image a img[src$=\".svg\"]{width:48px}.elementor-widget-image img{vertical-align:middle;display:inline-block}<\/style>\t\t\t\t\t\t\t\t\t\t\t\t<img width=\"234\" height=\"300\" src=\"https:\/\/naturamystica.ch\/wp-content\/uploads\/2022\/12\/IMG_0126-234x300.jpg\" class=\"attachment-medium size-medium\" alt=\"\" loading=\"lazy\" srcset=\"https:\/\/naturamystica.ch\/wp-content\/uploads\/2022\/12\/IMG_0126-234x300.jpg 234w, https:\/\/naturamystica.ch\/wp-content\/uploads\/2022\/12\/IMG_0126.jpg 605w\" sizes=\"(max-width: 234px) 100vw, 234px\" \/>\t\t\t\t\t\t\t\t\t\t\t\t\t\t\t<\/div>\n\t\t\t\t<\/div>\n\t\t\t\t<div class=\"elementor-element elementor-element-328daf5 elementor-widget elementor-widget-text-editor\" data-id=\"328daf5\" data-element_type=\"widget\" data-widget_type=\"text-editor.default\">\n\t\t\t\t<div class=\"elementor-widget-container\">\n\t\t\t\t\t\t\t<p>Der Praxisraum befindet sich an der Heiligberstrasse 38, Winterthur.<\/p><p>Im 3. Stock. (ohne Lift)<\/p>\t\t\t\t\t\t<\/div>\n\t\t\t\t<\/div>\n\t\t\t\t\t<\/div>\n\t\t<\/div>\n\t\t\t\t<div class=\"elementor-column elementor-col-50 elementor-top-column elementor-element elementor-element-fc1e677\" data-id=\"fc1e677\" data-element_type=\"column\">\n\t\t\t<div class=\"elementor-widget-wrap elementor-element-populated\">\n\t\t\t\t\t\t\t\t<div class=\"elementor-element elementor-element-08e1f83 elementor-widget elementor-widget-google_maps\" data-id=\"08e1f83\" data-element_type=\"widget\" data-widget_type=\"google_maps.default\">\n\t\t\t\t<div class=\"elementor-widget-container\">\n\t\t\t<style>\/*! elementor - v3.7.8 - 02-10-2022 *\/\n.elementor-widget-google_maps .elementor-widget-container{overflow:hidden}.elementor-widget-google_maps iframe{height:300px}<\/style>\t\t<div class=\"elementor-custom-embed\">\n\t\t\t<iframe frameborder=\"0\" scrolling=\"no\" marginheight=\"0\" marginwidth=\"0\"\n\t\t\t\t\tsrc=\"https:\/\/maps.google.com\/maps?q=Heiligbergstrasse%2038%2C%20winterthur&#038;t=m&#038;z=14&#038;output=embed&#038;iwloc=near\"\n\t\t\t\t\ttitle=\"Heiligbergstrasse 38, winterthur\"\n\t\t\t\t\taria-label=\"Heiligbergstrasse 38, winterthur\"\n\t\t\t><\/iframe>\n\t\t<\/div>\n\t\t\t\t<\/div>\n\t\t\t\t<\/div>\n\t\t\t\t\t<\/div>\n\t\t<\/div>\n\t\t\t\t\t\t\t<\/div>\n\t\t<\/section>\n\t\t\t\t\t\t\t<\/div>\n\t\t","protected":false},"excerpt":{"rendered":"<p>\u00a0 Meine Praxis Kontakt \/ Anfahrt: Der Praxisraum befindet sich 5 Gehminuten vom Bahnhof Winterthur entfernt an ruhiger Lage an der Heiligbergstrasse 38, 8400 Winterthur. Vor dem Haus hat es Parkpl\u00e4tze zur Verf\u00fcgung, falls mit dem Auto angereist wird. Der Praxisraum befindet sich im dritten Stock des Therapiehauses ohne Lift. Auch findest du mich bei &hellip;<\/p>\n<p class=\"read-more\"> <a class=\"\" href=\"https:\/\/naturamystica.ch\/?page_id=16\"> <span class=\"screen-reader-text\">Contact<\/span> Read More &raquo;<\/a><\/p>\n","protected":false},"author":1,"featured_media":0,"parent":0,"menu_order":0,"comment_status":"closed","ping_status":"closed","template":"","meta":{"om_disable_all_campaigns":false,"_monsterinsights_skip_tracking":false,"_monsterinsights_sitenote_active":false,"_monsterinsights_sitenote_note":"","_monsterinsights_sitenote_category":0,"site-sidebar-layout":"no-sidebar","site-content-layout":"page-builder","ast-global-header-display":"","ast-main-header-display":"","ast-hfb-above-header-display":"","ast-hfb-below-header-display":"","ast-hfb-mobile-header-display":"","site-post-title":"disabled","ast-breadcrumbs-content":"","ast-featured-img":"disabled","footer-sml-layout":"","theme-transparent-header-meta":"enabled","adv-header-id-meta":"","stick-header-meta":"","header-above-stick-meta":"","header-main-stick-meta":"","header-below-stick-meta":""},"aioseo_notices":[],"_links":{"self":[{"href":"https:\/\/naturamystica.ch\/index.php?rest_route=\/wp\/v2\/pages\/16"}],"collection":[{"href":"https:\/\/naturamystica.ch\/index.php?rest_route=\/wp\/v2\/pages"}],"about":[{"href":"https:\/\/naturamystica.ch\/index.php?rest_route=\/wp\/v2\/types\/page"}],"author":[{"embeddable":true,"href":"https:\/\/naturamystica.ch\/index.php?rest_route=\/wp\/v2\/users\/1"}],"replies":[{"embeddable":true,"href":"https:\/\/naturamystica.ch\/index.php?rest_route=%2Fwp%2Fv2%2Fcomments&post=16"}],"version-history":[{"count":112,"href":"https:\/\/naturamystica.ch\/index.php?rest_route=\/wp\/v2\/pages\/16\/revisions"}],"predecessor-version":[{"id":2527,"href":"https:\/\/naturamystica.ch\/index.php?rest_route=\/wp\/v2\/pages\/16\/revisions\/2527"}],"wp:attachment":[{"href":"https:\/\/naturamystica.ch\/index.php?rest_route=%2Fwp%2Fv2%2Fmedia&parent=16"}],"curies":[{"name":"wp","href":"https:\/\/api.w.org\/{rel}","templated":true}]}}