{"id":1976,"date":"2022-11-19T13:25:59","date_gmt":"2022-11-19T13:25:59","guid":{"rendered":"https:\/\/naturamystica.ch\/?page_id=1976"},"modified":"2022-12-10T15:30:14","modified_gmt":"2022-12-10T15:30:14","slug":"naturheilkundliche-beratung","status":"publish","type":"page","link":"https:\/\/naturamystica.ch\/?page_id=1976","title":{"rendered":"Naturheilkundliche Beratung"},"content":{"rendered":"\t\t<div data-elementor-type=\"wp-page\" data-elementor-id=\"1976\" class=\"elementor elementor-1976\">\n\t\t\t\t\t\t\t\t\t<section class=\"elementor-section elementor-top-section elementor-element elementor-element-30a99eb elementor-section-full_width elementor-section-height-default elementor-section-height-default\" data-id=\"30a99eb\" data-element_type=\"section\" data-settings=\"{&quot;background_background&quot;:&quot;classic&quot;}\">\n\t\t\t\t\t\t<div class=\"elementor-container elementor-column-gap-default\">\n\t\t\t\t\t<div class=\"elementor-column elementor-col-50 elementor-top-column elementor-element elementor-element-33d931d\" data-id=\"33d931d\" data-element_type=\"column\">\n\t\t\t<div class=\"elementor-widget-wrap\">\n\t\t\t\t\t\t\t\t\t<\/div>\n\t\t<\/div>\n\t\t\t\t<div class=\"elementor-column elementor-col-50 elementor-top-column elementor-element elementor-element-064b145\" data-id=\"064b145\" data-element_type=\"column\">\n\t\t\t<div class=\"elementor-widget-wrap elementor-element-populated\">\n\t\t\t\t\t\t\t\t<div class=\"elementor-element elementor-element-e7a3265 elementor-widget elementor-widget-text-editor\" data-id=\"e7a3265\" data-element_type=\"widget\" data-widget_type=\"text-editor.default\">\n\t\t\t\t<div class=\"elementor-widget-container\">\n\t\t\t<style>\/*! elementor - v3.7.8 - 02-10-2022 *\/\n.elementor-widget-text-editor.elementor-drop-cap-view-stacked .elementor-drop-cap{background-color:#818a91;color:#fff}.elementor-widget-text-editor.elementor-drop-cap-view-framed .elementor-drop-cap{color:#818a91;border:3px solid;background-color:transparent}.elementor-widget-text-editor:not(.elementor-drop-cap-view-default) .elementor-drop-cap{margin-top:8px}.elementor-widget-text-editor:not(.elementor-drop-cap-view-default) .elementor-drop-cap-letter{width:1em;height:1em}.elementor-widget-text-editor .elementor-drop-cap{float:left;text-align:center;line-height:1;font-size:50px}.elementor-widget-text-editor .elementor-drop-cap-letter{display:inline-block}<\/style>\t\t\t\t<p>\u00a0<\/p><p>Naturheilkundliche Beratung<\/p>\t\t\t\t\t\t<\/div>\n\t\t\t\t<\/div>\n\t\t\t\t\t<\/div>\n\t\t<\/div>\n\t\t\t\t\t\t\t<\/div>\n\t\t<\/section>\n\t\t\t\t<section class=\"elementor-section elementor-top-section elementor-element elementor-element-ee5e012 elementor-section-full_width elementor-section-height-default elementor-section-height-default\" data-id=\"ee5e012\" data-element_type=\"section\" data-settings=\"{&quot;background_background&quot;:&quot;classic&quot;}\">\n\t\t\t\t\t\t<div class=\"elementor-container elementor-column-gap-default\">\n\t\t\t\t\t<div class=\"elementor-column elementor-col-100 elementor-top-column elementor-element elementor-element-9160f0c\" data-id=\"9160f0c\" data-element_type=\"column\" data-settings=\"{&quot;background_background&quot;:&quot;classic&quot;}\">\n\t\t\t<div class=\"elementor-widget-wrap elementor-element-populated\">\n\t\t\t\t\t\t\t\t<section class=\"elementor-section elementor-inner-section elementor-element elementor-element-0f18492 elementor-section-boxed elementor-section-height-default elementor-section-height-default\" data-id=\"0f18492\" data-element_type=\"section\">\n\t\t\t\t\t\t<div class=\"elementor-container elementor-column-gap-default\">\n\t\t\t\t\t<div class=\"elementor-column elementor-col-50 elementor-inner-column elementor-element elementor-element-786cc38\" data-id=\"786cc38\" data-element_type=\"column\">\n\t\t\t<div class=\"elementor-widget-wrap elementor-element-populated\">\n\t\t\t\t\t\t\t\t<div class=\"elementor-element elementor-element-4041750 elementor-widget elementor-widget-text-editor\" data-id=\"4041750\" data-element_type=\"widget\" data-widget_type=\"text-editor.default\">\n\t\t\t\t<div class=\"elementor-widget-container\">\n\t\t\t\t\t\t\t<p><strong><em>Die Naturheilkunde<\/em><\/strong> sieht den Menschen in seiner Ganzheit, dabei wird nicht nur auf isolierte k\u00f6rperliche Symptome geachtet sondern betrachtet den Mensch mit K\u00f6rper und Seele als Gesamtkunstwerk.<\/p><p>In dieser Heilkunde setze ich mich mit Deinen individuellen Gesundheits-, Krankheits- und Heilungsprinzipien auseinander. Jeder Mensch reagiert auf seine Weise auf bestimmte Reize von unserer Aussenwelt oder von unserer Innenwelt. Daher ist es wichtig zu erkennen was Deine eigene Konstitution ist, wie Du reagierst als Lebewesen und was Du brauchst f\u00fcr eine gesunde Balance.<\/p><p>Bei einer naturheilkundlichen Beratung f\u00fchren wir zuerst ein ausf\u00fchrliches Anamnesegespr\u00e4ch durch. Danach gibt es einen k\u00f6rperlich-diagnostischen Teil wie die Irisdiagnose, Zungendiagnose, Pulsdiagnose sowie die allgemeine Pathophysiognomik. Ein auf Deine W\u00fcnsche angepasstes Therapiekonzept wird besprochen und erstellt. Zus\u00e4tzlich unterst\u00fctze ich Dich gerne mit verschiedensten manuellen Therapien, Phytotherapie sowie vielen anderen Sch\u00e4tzen aus unserer Erfahrungsmedizin. Die traditionelle europ\u00e4ischen Naturheilkunde beruht auf jahrhundertalten, bew\u00e4hrten Weisheiten welche auf unser heutiges modernes Leben angepasst, gepr\u00fcft und erweitert wurden.<\/p>\t\t\t\t\t\t<\/div>\n\t\t\t\t<\/div>\n\t\t\t\t<div class=\"elementor-element elementor-element-1e0757a elementor-align-center elementor-widget elementor-widget-button\" data-id=\"1e0757a\" data-element_type=\"widget\" data-widget_type=\"button.default\">\n\t\t\t\t<div class=\"elementor-widget-container\">\n\t\t\t\t\t<div class=\"elementor-button-wrapper\">\n\t\t\t<a href=\"https:\/\/naturamystica.ch\/?page_id=16\/#Buchung\" class=\"elementor-button-link elementor-button elementor-size-sm\" role=\"button\">\n\t\t\t\t\t\t<span class=\"elementor-button-content-wrapper\">\n\t\t\t\t\t\t<span class=\"elementor-button-text\">Buche eine Sitzung<\/span>\n\t\t<\/span>\n\t\t\t\t\t<\/a>\n\t\t<\/div>\n\t\t\t\t<\/div>\n\t\t\t\t<\/div>\n\t\t\t\t\t<\/div>\n\t\t<\/div>\n\t\t\t\t<div class=\"elementor-column elementor-col-50 elementor-inner-column elementor-element elementor-element-39d4684\" data-id=\"39d4684\" data-element_type=\"column\">\n\t\t\t<div class=\"elementor-widget-wrap elementor-element-populated\">\n\t\t\t\t\t\t\t\t<div class=\"elementor-element elementor-element-99665d1 elementor-widget elementor-widget-image\" data-id=\"99665d1\" data-element_type=\"widget\" data-widget_type=\"image.default\">\n\t\t\t\t<div class=\"elementor-widget-container\">\n\t\t\t<style>\/*! elementor - v3.7.8 - 02-10-2022 *\/\n.elementor-widget-image{text-align:center}.elementor-widget-image a{display:inline-block}.elementor-widget-image a img[src$=\".svg\"]{width:48px}.elementor-widget-image img{vertical-align:middle;display:inline-block}<\/style>\t\t\t\t\t\t\t\t\t\t\t\t<img width=\"1364\" height=\"2048\" src=\"https:\/\/naturamystica.ch\/wp-content\/uploads\/2022\/11\/WhatsApp-Image-2022-11-19-at-12.02.03-3-1.jpeg\" class=\"attachment-full size-full\" alt=\"\" loading=\"lazy\" srcset=\"https:\/\/naturamystica.ch\/wp-content\/uploads\/2022\/11\/WhatsApp-Image-2022-11-19-at-12.02.03-3-1.jpeg 1364w, https:\/\/naturamystica.ch\/wp-content\/uploads\/2022\/11\/WhatsApp-Image-2022-11-19-at-12.02.03-3-1-200x300.jpeg 200w, https:\/\/naturamystica.ch\/wp-content\/uploads\/2022\/11\/WhatsApp-Image-2022-11-19-at-12.02.03-3-1-682x1024.jpeg 682w, https:\/\/naturamystica.ch\/wp-content\/uploads\/2022\/11\/WhatsApp-Image-2022-11-19-at-12.02.03-3-1-768x1153.jpeg 768w, https:\/\/naturamystica.ch\/wp-content\/uploads\/2022\/11\/WhatsApp-Image-2022-11-19-at-12.02.03-3-1-1023x1536.jpeg 1023w\" sizes=\"(max-width: 1364px) 100vw, 1364px\" \/>\t\t\t\t\t\t\t\t\t\t\t\t\t\t\t<\/div>\n\t\t\t\t<\/div>\n\t\t\t\t\t<\/div>\n\t\t<\/div>\n\t\t\t\t\t\t\t<\/div>\n\t\t<\/section>\n\t\t\t\t\t<\/div>\n\t\t<\/div>\n\t\t\t\t\t\t\t<\/div>\n\t\t<\/section>\n\t\t\t\t\t\t\t<\/div>\n\t\t","protected":false},"excerpt":{"rendered":"<p>\u00a0 Naturheilkundliche Beratung Die Naturheilkunde sieht den Menschen in seiner Ganzheit, dabei wird nicht nur auf isolierte k\u00f6rperliche Symptome geachtet sondern betrachtet den Mensch mit K\u00f6rper und Seele als Gesamtkunstwerk. In dieser Heilkunde setze ich mich mit Deinen individuellen Gesundheits-, Krankheits- und Heilungsprinzipien auseinander. Jeder Mensch reagiert auf seine Weise auf bestimmte Reize von unserer &hellip;<\/p>\n<p class=\"read-more\"> <a class=\"\" href=\"https:\/\/naturamystica.ch\/?page_id=1976\"> <span class=\"screen-reader-text\">Naturheilkundliche Beratung<\/span> Read More &raquo;<\/a><\/p>\n","protected":false},"author":1,"featured_media":0,"parent":0,"menu_order":0,"comment_status":"closed","ping_status":"closed","template":"","meta":{"om_disable_all_campaigns":false,"_monsterinsights_skip_tracking":false,"_monsterinsights_sitenote_active":false,"_monsterinsights_sitenote_note":"","_monsterinsights_sitenote_category":0,"site-sidebar-layout":"no-sidebar","site-content-layout":"page-builder","ast-global-header-display":"","ast-main-header-display":"","ast-hfb-above-header-display":"","ast-hfb-below-header-display":"","ast-hfb-mobile-header-display":"","site-post-title":"disabled","ast-breadcrumbs-content":"","ast-featured-img":"disabled","footer-sml-layout":"","theme-transparent-header-meta":"","adv-header-id-meta":"","stick-header-meta":"","header-above-stick-meta":"","header-main-stick-meta":"","header-below-stick-meta":""},"aioseo_notices":[],"_links":{"self":[{"href":"https:\/\/naturamystica.ch\/index.php?rest_route=\/wp\/v2\/pages\/1976"}],"collection":[{"href":"https:\/\/naturamystica.ch\/index.php?rest_route=\/wp\/v2\/pages"}],"about":[{"href":"https:\/\/naturamystica.ch\/index.php?rest_route=\/wp\/v2\/types\/page"}],"author":[{"embeddable":true,"href":"https:\/\/naturamystica.ch\/index.php?rest_route=\/wp\/v2\/users\/1"}],"replies":[{"embeddable":true,"href":"https:\/\/naturamystica.ch\/index.php?rest_route=%2Fwp%2Fv2%2Fcomments&post=1976"}],"version-history":[{"count":85,"href":"https:\/\/naturamystica.ch\/index.php?rest_route=\/wp\/v2\/pages\/1976\/revisions"}],"predecessor-version":[{"id":2422,"href":"https:\/\/naturamystica.ch\/index.php?rest_route=\/wp\/v2\/pages\/1976\/revisions\/2422"}],"wp:attachment":[{"href":"https:\/\/naturamystica.ch\/index.php?rest_route=%2Fwp%2Fv2%2Fmedia&parent=1976"}],"curies":[{"name":"wp","href":"https:\/\/api.w.org\/{rel}","templated":true}]}}