{"id":1995,"date":"2022-12-03T16:28:20","date_gmt":"2022-12-03T16:28:20","guid":{"rendered":"https:\/\/naturamystica.ch\/?page_id=1995"},"modified":"2022-12-10T15:41:37","modified_gmt":"2022-12-10T15:41:37","slug":"pflanzenheilkunde","status":"publish","type":"page","link":"https:\/\/naturamystica.ch\/?page_id=1995","title":{"rendered":"Pflanzenheilkunde"},"content":{"rendered":"\t\t<div data-elementor-type=\"wp-page\" data-elementor-id=\"1995\" class=\"elementor elementor-1995\">\n\t\t\t\t\t\t\t\t\t<section class=\"elementor-section elementor-top-section elementor-element elementor-element-0e64bf4 elementor-section-full_width elementor-section-height-default elementor-section-height-default\" data-id=\"0e64bf4\" data-element_type=\"section\" data-settings=\"{&quot;background_background&quot;:&quot;classic&quot;}\">\n\t\t\t\t\t\t<div class=\"elementor-container elementor-column-gap-default\">\n\t\t\t\t\t<div class=\"elementor-column elementor-col-50 elementor-top-column elementor-element elementor-element-f8859eb\" data-id=\"f8859eb\" data-element_type=\"column\">\n\t\t\t<div class=\"elementor-widget-wrap\">\n\t\t\t\t\t\t\t\t\t<\/div>\n\t\t<\/div>\n\t\t\t\t<div class=\"elementor-column elementor-col-50 elementor-top-column elementor-element elementor-element-4855593\" data-id=\"4855593\" data-element_type=\"column\">\n\t\t\t<div class=\"elementor-widget-wrap elementor-element-populated\">\n\t\t\t\t\t\t\t\t<div class=\"elementor-element elementor-element-0569fc8 elementor-widget elementor-widget-text-editor\" data-id=\"0569fc8\" data-element_type=\"widget\" data-widget_type=\"text-editor.default\">\n\t\t\t\t<div class=\"elementor-widget-container\">\n\t\t\t<style>\/*! elementor - v3.7.8 - 02-10-2022 *\/\n.elementor-widget-text-editor.elementor-drop-cap-view-stacked .elementor-drop-cap{background-color:#818a91;color:#fff}.elementor-widget-text-editor.elementor-drop-cap-view-framed .elementor-drop-cap{color:#818a91;border:3px solid;background-color:transparent}.elementor-widget-text-editor:not(.elementor-drop-cap-view-default) .elementor-drop-cap{margin-top:8px}.elementor-widget-text-editor:not(.elementor-drop-cap-view-default) .elementor-drop-cap-letter{width:1em;height:1em}.elementor-widget-text-editor .elementor-drop-cap{float:left;text-align:center;line-height:1;font-size:50px}.elementor-widget-text-editor .elementor-drop-cap-letter{display:inline-block}<\/style>\t\t\t\t<p>\u00a0<\/p><p>Pflanzenheilkunde<\/p><p>&#8211; Phytotherapie<\/p>\t\t\t\t\t\t<\/div>\n\t\t\t\t<\/div>\n\t\t\t\t\t<\/div>\n\t\t<\/div>\n\t\t\t\t\t\t\t<\/div>\n\t\t<\/section>\n\t\t\t\t<section class=\"elementor-section elementor-top-section elementor-element elementor-element-d3b8e8b elementor-section-full_width elementor-section-height-default elementor-section-height-default\" data-id=\"d3b8e8b\" data-element_type=\"section\">\n\t\t\t\t\t\t<div class=\"elementor-container elementor-column-gap-default\">\n\t\t\t\t\t<div class=\"elementor-column elementor-col-100 elementor-top-column elementor-element elementor-element-30f848d\" data-id=\"30f848d\" data-element_type=\"column\" data-settings=\"{&quot;background_background&quot;:&quot;classic&quot;}\">\n\t\t\t<div class=\"elementor-widget-wrap elementor-element-populated\">\n\t\t\t\t\t\t\t\t<section class=\"elementor-section elementor-inner-section elementor-element elementor-element-f041f62 elementor-section-boxed elementor-section-height-default elementor-section-height-default\" data-id=\"f041f62\" data-element_type=\"section\">\n\t\t\t\t\t\t<div class=\"elementor-container elementor-column-gap-default\">\n\t\t\t\t\t<div class=\"elementor-column elementor-col-50 elementor-inner-column elementor-element elementor-element-79e21c0\" data-id=\"79e21c0\" data-element_type=\"column\">\n\t\t\t<div class=\"elementor-widget-wrap elementor-element-populated\">\n\t\t\t\t\t\t\t\t<div class=\"elementor-element elementor-element-88dc573 elementor-widget elementor-widget-text-editor\" data-id=\"88dc573\" data-element_type=\"widget\" data-widget_type=\"text-editor.default\">\n\t\t\t\t<div class=\"elementor-widget-container\">\n\t\t\t\t\t\t\t<p><em><strong>Die Pflanzenheilkunde<\/strong><\/em> ist eine der \u00e4ltesten medizinischen Therapien und in allen Kulturen beheimatet. Wir nutzen die heilende Wirkung aus extrahierten Wirkstoffen von Kr\u00e4utern und Pflanzen um k\u00f6rperliche und seelische Beschwerden zu lindern. Durch die Extraktkombination, also ein Vielstoffgemisch gewinnt die Phytotherapie ihre Stabilit\u00e4t und Bioverf\u00fcgbarkeit. Damit unterscheidet sich die Phytotherapie von der Therapie mit synthetischen Wirkstoffen welche dem K\u00f6rper dann als Einzelsubstanz verabreicht wird.<\/p><p>Unsere evidenzbasierten pflanzlichen Arzneimittel sind analog zu den chemisch-synthetisierten Arzneimitteln durch klinische und toxikologische Studien auf ihre Wirksamkeit und Unbedenklichkeit gepr\u00fcft worden. Im Vergleich zu den schulmedizinischen Medikamenten zeigen sie zus\u00e4tzlich weitaus geringere Nebenwirkungen. In Form von Tees, Tinkturen, Sprays, Salben, S\u00e4fte, Wickel, Tabletten oder Kapseln stelle ich Dir Deine individuelle phytotherapeutische Mischung zusammen welche Du per Rezept dann in einer Drogerie f\u00fcr Dich anfertigen lassen kannst.<\/p>\t\t\t\t\t\t<\/div>\n\t\t\t\t<\/div>\n\t\t\t\t<div class=\"elementor-element elementor-element-051b383 elementor-align-center elementor-widget elementor-widget-button\" data-id=\"051b383\" data-element_type=\"widget\" data-widget_type=\"button.default\">\n\t\t\t\t<div class=\"elementor-widget-container\">\n\t\t\t\t\t<div class=\"elementor-button-wrapper\">\n\t\t\t<a href=\"https:\/\/naturamystica.ch\/?page_id=16\/#Buchung\" class=\"elementor-button-link elementor-button elementor-size-sm\" role=\"button\">\n\t\t\t\t\t\t<span class=\"elementor-button-content-wrapper\">\n\t\t\t\t\t\t<span class=\"elementor-button-text\">Buche eine Sitzung<\/span>\n\t\t<\/span>\n\t\t\t\t\t<\/a>\n\t\t<\/div>\n\t\t\t\t<\/div>\n\t\t\t\t<\/div>\n\t\t\t\t\t<\/div>\n\t\t<\/div>\n\t\t\t\t<div class=\"elementor-column elementor-col-50 elementor-inner-column elementor-element elementor-element-84514ac\" data-id=\"84514ac\" data-element_type=\"column\">\n\t\t\t<div class=\"elementor-widget-wrap elementor-element-populated\">\n\t\t\t\t\t\t\t\t<div class=\"elementor-element elementor-element-0465552 elementor-widget elementor-widget-image\" data-id=\"0465552\" data-element_type=\"widget\" data-widget_type=\"image.default\">\n\t\t\t\t<div class=\"elementor-widget-container\">\n\t\t\t<style>\/*! elementor - v3.7.8 - 02-10-2022 *\/\n.elementor-widget-image{text-align:center}.elementor-widget-image a{display:inline-block}.elementor-widget-image a img[src$=\".svg\"]{width:48px}.elementor-widget-image img{vertical-align:middle;display:inline-block}<\/style>\t\t\t\t\t\t\t\t\t\t\t\t<img width=\"768\" height=\"1151\" src=\"https:\/\/naturamystica.ch\/wp-content\/uploads\/2022\/11\/WhatsApp-Image-2022-11-19-at-12.02.01-768x1151.jpeg\" class=\"attachment-medium_large size-medium_large\" alt=\"\" loading=\"lazy\" srcset=\"https:\/\/naturamystica.ch\/wp-content\/uploads\/2022\/11\/WhatsApp-Image-2022-11-19-at-12.02.01-768x1151.jpeg 768w, https:\/\/naturamystica.ch\/wp-content\/uploads\/2022\/11\/WhatsApp-Image-2022-11-19-at-12.02.01-200x300.jpeg 200w, https:\/\/naturamystica.ch\/wp-content\/uploads\/2022\/11\/WhatsApp-Image-2022-11-19-at-12.02.01-683x1024.jpeg 683w, https:\/\/naturamystica.ch\/wp-content\/uploads\/2022\/11\/WhatsApp-Image-2022-11-19-at-12.02.01-1025x1536.jpeg 1025w, https:\/\/naturamystica.ch\/wp-content\/uploads\/2022\/11\/WhatsApp-Image-2022-11-19-at-12.02.01.jpeg 1366w\" sizes=\"(max-width: 768px) 100vw, 768px\" \/>\t\t\t\t\t\t\t\t\t\t\t\t\t\t\t<\/div>\n\t\t\t\t<\/div>\n\t\t\t\t\t<\/div>\n\t\t<\/div>\n\t\t\t\t\t\t\t<\/div>\n\t\t<\/section>\n\t\t\t\t\t<\/div>\n\t\t<\/div>\n\t\t\t\t\t\t\t<\/div>\n\t\t<\/section>\n\t\t\t\t\t\t\t<\/div>\n\t\t","protected":false},"excerpt":{"rendered":"<p>\u00a0 Pflanzenheilkunde &#8211; Phytotherapie Die Pflanzenheilkunde ist eine der \u00e4ltesten medizinischen Therapien und in allen Kulturen beheimatet. Wir nutzen die heilende Wirkung aus extrahierten Wirkstoffen von Kr\u00e4utern und Pflanzen um k\u00f6rperliche und seelische Beschwerden zu lindern. Durch die Extraktkombination, also ein Vielstoffgemisch gewinnt die Phytotherapie ihre Stabilit\u00e4t und Bioverf\u00fcgbarkeit. Damit unterscheidet sich die Phytotherapie von &hellip;<\/p>\n<p class=\"read-more\"> <a class=\"\" href=\"https:\/\/naturamystica.ch\/?page_id=1995\"> <span class=\"screen-reader-text\">Pflanzenheilkunde<\/span> Read More &raquo;<\/a><\/p>\n","protected":false},"author":1,"featured_media":0,"parent":0,"menu_order":0,"comment_status":"closed","ping_status":"closed","template":"","meta":{"om_disable_all_campaigns":false,"_monsterinsights_skip_tracking":false,"_monsterinsights_sitenote_active":false,"_monsterinsights_sitenote_note":"","_monsterinsights_sitenote_category":0,"site-sidebar-layout":"no-sidebar","site-content-layout":"page-builder","ast-global-header-display":"","ast-main-header-display":"","ast-hfb-above-header-display":"","ast-hfb-below-header-display":"","ast-hfb-mobile-header-display":"","site-post-title":"disabled","ast-breadcrumbs-content":"","ast-featured-img":"disabled","footer-sml-layout":"","theme-transparent-header-meta":"","adv-header-id-meta":"","stick-header-meta":"","header-above-stick-meta":"","header-main-stick-meta":"","header-below-stick-meta":""},"aioseo_notices":[],"_links":{"self":[{"href":"https:\/\/naturamystica.ch\/index.php?rest_route=\/wp\/v2\/pages\/1995"}],"collection":[{"href":"https:\/\/naturamystica.ch\/index.php?rest_route=\/wp\/v2\/pages"}],"about":[{"href":"https:\/\/naturamystica.ch\/index.php?rest_route=\/wp\/v2\/types\/page"}],"author":[{"embeddable":true,"href":"https:\/\/naturamystica.ch\/index.php?rest_route=\/wp\/v2\/users\/1"}],"replies":[{"embeddable":true,"href":"https:\/\/naturamystica.ch\/index.php?rest_route=%2Fwp%2Fv2%2Fcomments&post=1995"}],"version-history":[{"count":22,"href":"https:\/\/naturamystica.ch\/index.php?rest_route=\/wp\/v2\/pages\/1995\/revisions"}],"predecessor-version":[{"id":2449,"href":"https:\/\/naturamystica.ch\/index.php?rest_route=\/wp\/v2\/pages\/1995\/revisions\/2449"}],"wp:attachment":[{"href":"https:\/\/naturamystica.ch\/index.php?rest_route=%2Fwp%2Fv2%2Fmedia&parent=1995"}],"curies":[{"name":"wp","href":"https:\/\/api.w.org\/{rel}","templated":true}]}}