{"id":1997,"date":"2022-12-03T16:28:40","date_gmt":"2022-12-03T16:28:40","guid":{"rendered":"https:\/\/naturamystica.ch\/?page_id=1997"},"modified":"2022-12-10T15:43:02","modified_gmt":"2022-12-10T15:43:02","slug":"schropftherapie","status":"publish","type":"page","link":"https:\/\/naturamystica.ch\/?page_id=1997","title":{"rendered":"Schr\u00f6pftherapie"},"content":{"rendered":"\t\t<div data-elementor-type=\"wp-page\" data-elementor-id=\"1997\" class=\"elementor elementor-1997\">\n\t\t\t\t\t\t\t\t\t<section class=\"elementor-section elementor-top-section elementor-element elementor-element-c42018f elementor-section-full_width elementor-section-height-default elementor-section-height-default\" data-id=\"c42018f\" data-element_type=\"section\" data-settings=\"{&quot;background_background&quot;:&quot;classic&quot;}\">\n\t\t\t\t\t\t<div class=\"elementor-container elementor-column-gap-default\">\n\t\t\t\t\t<div class=\"elementor-column elementor-col-50 elementor-top-column elementor-element elementor-element-fbbc7db\" data-id=\"fbbc7db\" data-element_type=\"column\">\n\t\t\t<div class=\"elementor-widget-wrap\">\n\t\t\t\t\t\t\t\t\t<\/div>\n\t\t<\/div>\n\t\t\t\t<div class=\"elementor-column elementor-col-50 elementor-top-column elementor-element elementor-element-ccaf918\" data-id=\"ccaf918\" data-element_type=\"column\">\n\t\t\t<div class=\"elementor-widget-wrap elementor-element-populated\">\n\t\t\t\t\t\t\t\t<div class=\"elementor-element elementor-element-aa92e94 elementor-widget elementor-widget-text-editor\" data-id=\"aa92e94\" data-element_type=\"widget\" data-widget_type=\"text-editor.default\">\n\t\t\t\t<div class=\"elementor-widget-container\">\n\t\t\t<style>\/*! elementor - v3.7.8 - 02-10-2022 *\/\n.elementor-widget-text-editor.elementor-drop-cap-view-stacked .elementor-drop-cap{background-color:#818a91;color:#fff}.elementor-widget-text-editor.elementor-drop-cap-view-framed .elementor-drop-cap{color:#818a91;border:3px solid;background-color:transparent}.elementor-widget-text-editor:not(.elementor-drop-cap-view-default) .elementor-drop-cap{margin-top:8px}.elementor-widget-text-editor:not(.elementor-drop-cap-view-default) .elementor-drop-cap-letter{width:1em;height:1em}.elementor-widget-text-editor .elementor-drop-cap{float:left;text-align:center;line-height:1;font-size:50px}.elementor-widget-text-editor .elementor-drop-cap-letter{display:inline-block}<\/style>\t\t\t\t<p>\u00a0<\/p><p>Schr\u00f6pftherapie<\/p>\t\t\t\t\t\t<\/div>\n\t\t\t\t<\/div>\n\t\t\t\t\t<\/div>\n\t\t<\/div>\n\t\t\t\t\t\t\t<\/div>\n\t\t<\/section>\n\t\t\t\t<section class=\"elementor-section elementor-top-section elementor-element elementor-element-724552f elementor-section-full_width elementor-section-height-default elementor-section-height-default\" data-id=\"724552f\" data-element_type=\"section\" data-settings=\"{&quot;background_background&quot;:&quot;classic&quot;}\">\n\t\t\t\t\t\t<div class=\"elementor-container elementor-column-gap-default\">\n\t\t\t\t\t<div class=\"elementor-column elementor-col-100 elementor-top-column elementor-element elementor-element-91ec4c8\" data-id=\"91ec4c8\" data-element_type=\"column\" data-settings=\"{&quot;background_background&quot;:&quot;classic&quot;}\">\n\t\t\t<div class=\"elementor-widget-wrap elementor-element-populated\">\n\t\t\t\t\t\t\t\t<section class=\"elementor-section elementor-inner-section elementor-element elementor-element-e13fce0 elementor-section-boxed elementor-section-height-default elementor-section-height-default\" data-id=\"e13fce0\" data-element_type=\"section\">\n\t\t\t\t\t\t<div class=\"elementor-container elementor-column-gap-default\">\n\t\t\t\t\t<div class=\"elementor-column elementor-col-50 elementor-inner-column elementor-element elementor-element-29c2012\" data-id=\"29c2012\" data-element_type=\"column\">\n\t\t\t<div class=\"elementor-widget-wrap elementor-element-populated\">\n\t\t\t\t\t\t\t\t<div class=\"elementor-element elementor-element-2a8ec74 elementor-widget elementor-widget-text-editor\" data-id=\"2a8ec74\" data-element_type=\"widget\" data-widget_type=\"text-editor.default\">\n\t\t\t\t<div class=\"elementor-widget-container\">\n\t\t\t\t\t\t\t<p><em><strong>Schr\u00f6pfen<\/strong><\/em> ist ein bew\u00e4hrtes Therapieverfahren welches schon seit Jahrtausenden in vielen Kulturen praktiziert wird. Auch im alten Griechenland war es eine sehr beliebte Therapieart und symbolisierte die \u00e4rztliche Kunst.<br \/>Hier werden runde Gl\u00e4ser in verschiedenen Gr\u00f6ssen mit Hilfe von Unterdruck auf dem K\u00f6rper befestigt, entweder mit Feuer oder durch Saugn\u00e4pfe. Es wird mittels bewegender Schr\u00f6pfmassage therapiert, stehend um punktuell anzuregen oder meist in Kombination von beidem. Durch das Schr\u00f6pfen wird das Gewebe gelockert, dadurch werden Verspannungen und Verklebungen gel\u00f6st und es wirkt schmerzlindernd. Es f\u00f6rdert die Durchblutung, regt den Stoffwechsel an, st\u00e4rkt das Immunsystem und unterst\u00fctzt den Blut- und Lymphfluss.<br \/>Schr\u00f6pfen ist auch eine Reiztherapie, durch den gesetzten Reiz auf der Haut werden \u00fcber die Reflexzonen des K\u00f6rpers, die Dermatome und die Headschen Zonen auch die Organe mitbeeinflusst. Verschiedene Hautbereiche sind \u00fcber die Nervenbahnen mit den Organen verbunden. Durch diese Nervenverbindung kann die Schr\u00f6pfbehandlung auf der Haut das zugeh\u00f6rige innere Organ positiv beeinflussen.<br \/>Eine Schr\u00f6pftherapie hat eine grosse Wirkung nicht nur k\u00f6rperlich, neben den vielen gesundheitsf\u00f6rdernden Aspekten bringt es dich auch in eine tiefe Entspannung und kann einiges l\u00f6sen und wieder ins fliessen bringen.<\/p>\t\t\t\t\t\t<\/div>\n\t\t\t\t<\/div>\n\t\t\t\t<div class=\"elementor-element elementor-element-bfae5b7 elementor-align-center elementor-widget elementor-widget-button\" data-id=\"bfae5b7\" data-element_type=\"widget\" data-widget_type=\"button.default\">\n\t\t\t\t<div class=\"elementor-widget-container\">\n\t\t\t\t\t<div class=\"elementor-button-wrapper\">\n\t\t\t<a href=\"https:\/\/naturamystica.ch\/?page_id=16\/#Buchung\" class=\"elementor-button-link elementor-button elementor-size-sm\" role=\"button\">\n\t\t\t\t\t\t<span class=\"elementor-button-content-wrapper\">\n\t\t\t\t\t\t<span class=\"elementor-button-text\">Buche eine Sitzung<\/span>\n\t\t<\/span>\n\t\t\t\t\t<\/a>\n\t\t<\/div>\n\t\t\t\t<\/div>\n\t\t\t\t<\/div>\n\t\t\t\t\t<\/div>\n\t\t<\/div>\n\t\t\t\t<div class=\"elementor-column elementor-col-50 elementor-inner-column elementor-element elementor-element-f18a866\" data-id=\"f18a866\" data-element_type=\"column\">\n\t\t\t<div class=\"elementor-widget-wrap elementor-element-populated\">\n\t\t\t\t\t\t\t\t<div class=\"elementor-element elementor-element-2f9fa3f elementor-widget elementor-widget-image\" data-id=\"2f9fa3f\" data-element_type=\"widget\" data-widget_type=\"image.default\">\n\t\t\t\t<div class=\"elementor-widget-container\">\n\t\t\t<style>\/*! elementor - v3.7.8 - 02-10-2022 *\/\n.elementor-widget-image{text-align:center}.elementor-widget-image a{display:inline-block}.elementor-widget-image a img[src$=\".svg\"]{width:48px}.elementor-widget-image img{vertical-align:middle;display:inline-block}<\/style>\t\t\t\t\t\t\t\t\t\t\t\t<img width=\"1024\" height=\"815\" src=\"https:\/\/naturamystica.ch\/wp-content\/uploads\/2022\/11\/WhatsApp-Image-2022-11-19-at-12.02.03-2-1024x815.jpeg\" class=\"attachment-large size-large\" alt=\"\" loading=\"lazy\" srcset=\"https:\/\/naturamystica.ch\/wp-content\/uploads\/2022\/11\/WhatsApp-Image-2022-11-19-at-12.02.03-2-1024x815.jpeg 1024w, https:\/\/naturamystica.ch\/wp-content\/uploads\/2022\/11\/WhatsApp-Image-2022-11-19-at-12.02.03-2-300x239.jpeg 300w, https:\/\/naturamystica.ch\/wp-content\/uploads\/2022\/11\/WhatsApp-Image-2022-11-19-at-12.02.03-2-768x611.jpeg 768w, https:\/\/naturamystica.ch\/wp-content\/uploads\/2022\/11\/WhatsApp-Image-2022-11-19-at-12.02.03-2.jpeg 1354w\" sizes=\"(max-width: 1024px) 100vw, 1024px\" \/>\t\t\t\t\t\t\t\t\t\t\t\t\t\t\t<\/div>\n\t\t\t\t<\/div>\n\t\t\t\t\t<\/div>\n\t\t<\/div>\n\t\t\t\t\t\t\t<\/div>\n\t\t<\/section>\n\t\t\t\t\t<\/div>\n\t\t<\/div>\n\t\t\t\t\t\t\t<\/div>\n\t\t<\/section>\n\t\t\t\t\t\t\t<\/div>\n\t\t","protected":false},"excerpt":{"rendered":"<p>\u00a0 Schr\u00f6pftherapie Schr\u00f6pfen ist ein bew\u00e4hrtes Therapieverfahren welches schon seit Jahrtausenden in vielen Kulturen praktiziert wird. Auch im alten Griechenland war es eine sehr beliebte Therapieart und symbolisierte die \u00e4rztliche Kunst.Hier werden runde Gl\u00e4ser in verschiedenen Gr\u00f6ssen mit Hilfe von Unterdruck auf dem K\u00f6rper befestigt, entweder mit Feuer oder durch Saugn\u00e4pfe. Es wird mittels bewegender &hellip;<\/p>\n<p class=\"read-more\"> <a class=\"\" href=\"https:\/\/naturamystica.ch\/?page_id=1997\"> <span class=\"screen-reader-text\">Schr\u00f6pftherapie<\/span> Read More &raquo;<\/a><\/p>\n","protected":false},"author":1,"featured_media":0,"parent":0,"menu_order":0,"comment_status":"closed","ping_status":"closed","template":"","meta":{"om_disable_all_campaigns":false,"_monsterinsights_skip_tracking":false,"_monsterinsights_sitenote_active":false,"_monsterinsights_sitenote_note":"","_monsterinsights_sitenote_category":0,"site-sidebar-layout":"no-sidebar","site-content-layout":"page-builder","ast-global-header-display":"","ast-main-header-display":"","ast-hfb-above-header-display":"","ast-hfb-below-header-display":"","ast-hfb-mobile-header-display":"","site-post-title":"disabled","ast-breadcrumbs-content":"","ast-featured-img":"disabled","footer-sml-layout":"","theme-transparent-header-meta":"","adv-header-id-meta":"","stick-header-meta":"","header-above-stick-meta":"","header-main-stick-meta":"","header-below-stick-meta":""},"aioseo_notices":[],"_links":{"self":[{"href":"https:\/\/naturamystica.ch\/index.php?rest_route=\/wp\/v2\/pages\/1997"}],"collection":[{"href":"https:\/\/naturamystica.ch\/index.php?rest_route=\/wp\/v2\/pages"}],"about":[{"href":"https:\/\/naturamystica.ch\/index.php?rest_route=\/wp\/v2\/types\/page"}],"author":[{"embeddable":true,"href":"https:\/\/naturamystica.ch\/index.php?rest_route=\/wp\/v2\/users\/1"}],"replies":[{"embeddable":true,"href":"https:\/\/naturamystica.ch\/index.php?rest_route=%2Fwp%2Fv2%2Fcomments&post=1997"}],"version-history":[{"count":19,"href":"https:\/\/naturamystica.ch\/index.php?rest_route=\/wp\/v2\/pages\/1997\/revisions"}],"predecessor-version":[{"id":2452,"href":"https:\/\/naturamystica.ch\/index.php?rest_route=\/wp\/v2\/pages\/1997\/revisions\/2452"}],"wp:attachment":[{"href":"https:\/\/naturamystica.ch\/index.php?rest_route=%2Fwp%2Fv2%2Fmedia&parent=1997"}],"curies":[{"name":"wp","href":"https:\/\/api.w.org\/{rel}","templated":true}]}}