{"id":2001,"date":"2022-12-03T16:29:29","date_gmt":"2022-12-03T16:29:29","guid":{"rendered":"https:\/\/naturamystica.ch\/?page_id=2001"},"modified":"2022-12-10T15:40:26","modified_gmt":"2022-12-10T15:40:26","slug":"fussreflextherapie","status":"publish","type":"page","link":"https:\/\/naturamystica.ch\/?page_id=2001","title":{"rendered":"Fussreflextherapie"},"content":{"rendered":"\t\t<div data-elementor-type=\"wp-page\" data-elementor-id=\"2001\" class=\"elementor elementor-2001\">\n\t\t\t\t\t\t\t\t\t<section class=\"elementor-section elementor-top-section elementor-element elementor-element-8fb3836 elementor-section-full_width elementor-section-height-default elementor-section-height-default\" data-id=\"8fb3836\" data-element_type=\"section\" data-settings=\"{&quot;background_background&quot;:&quot;classic&quot;}\">\n\t\t\t\t\t\t<div class=\"elementor-container elementor-column-gap-default\">\n\t\t\t\t\t<div class=\"elementor-column elementor-col-50 elementor-top-column elementor-element elementor-element-da96b6b\" data-id=\"da96b6b\" data-element_type=\"column\">\n\t\t\t<div class=\"elementor-widget-wrap\">\n\t\t\t\t\t\t\t\t\t<\/div>\n\t\t<\/div>\n\t\t\t\t<div class=\"elementor-column elementor-col-50 elementor-top-column elementor-element elementor-element-3ca1e9e\" data-id=\"3ca1e9e\" data-element_type=\"column\">\n\t\t\t<div class=\"elementor-widget-wrap elementor-element-populated\">\n\t\t\t\t\t\t\t\t<div class=\"elementor-element elementor-element-35bda10 elementor-widget elementor-widget-text-editor\" data-id=\"35bda10\" data-element_type=\"widget\" data-widget_type=\"text-editor.default\">\n\t\t\t\t<div class=\"elementor-widget-container\">\n\t\t\t<style>\/*! elementor - v3.7.8 - 02-10-2022 *\/\n.elementor-widget-text-editor.elementor-drop-cap-view-stacked .elementor-drop-cap{background-color:#818a91;color:#fff}.elementor-widget-text-editor.elementor-drop-cap-view-framed .elementor-drop-cap{color:#818a91;border:3px solid;background-color:transparent}.elementor-widget-text-editor:not(.elementor-drop-cap-view-default) .elementor-drop-cap{margin-top:8px}.elementor-widget-text-editor:not(.elementor-drop-cap-view-default) .elementor-drop-cap-letter{width:1em;height:1em}.elementor-widget-text-editor .elementor-drop-cap{float:left;text-align:center;line-height:1;font-size:50px}.elementor-widget-text-editor .elementor-drop-cap-letter{display:inline-block}<\/style>\t\t\t\t<p>\u00a0<\/p><p>Fussreflexzonentherapie<\/p>\t\t\t\t\t\t<\/div>\n\t\t\t\t<\/div>\n\t\t\t\t\t<\/div>\n\t\t<\/div>\n\t\t\t\t\t\t\t<\/div>\n\t\t<\/section>\n\t\t\t\t<section class=\"elementor-section elementor-top-section elementor-element elementor-element-8906228 elementor-section-full_width elementor-section-height-default elementor-section-height-default\" data-id=\"8906228\" data-element_type=\"section\" data-settings=\"{&quot;background_background&quot;:&quot;classic&quot;}\">\n\t\t\t\t\t\t<div class=\"elementor-container elementor-column-gap-default\">\n\t\t\t\t\t<div class=\"elementor-column elementor-col-100 elementor-top-column elementor-element elementor-element-dde8875\" data-id=\"dde8875\" data-element_type=\"column\" data-settings=\"{&quot;background_background&quot;:&quot;classic&quot;}\">\n\t\t\t<div class=\"elementor-widget-wrap elementor-element-populated\">\n\t\t\t\t\t\t\t\t<section class=\"elementor-section elementor-inner-section elementor-element elementor-element-f0b7434 elementor-section-boxed elementor-section-height-default elementor-section-height-default\" data-id=\"f0b7434\" data-element_type=\"section\">\n\t\t\t\t\t\t<div class=\"elementor-container elementor-column-gap-default\">\n\t\t\t\t\t<div class=\"elementor-column elementor-col-50 elementor-inner-column elementor-element elementor-element-c4b27ad\" data-id=\"c4b27ad\" data-element_type=\"column\">\n\t\t\t<div class=\"elementor-widget-wrap elementor-element-populated\">\n\t\t\t\t\t\t\t\t<div class=\"elementor-element elementor-element-c8f538a elementor-widget elementor-widget-text-editor\" data-id=\"c8f538a\" data-element_type=\"widget\" data-widget_type=\"text-editor.default\">\n\t\t\t\t<div class=\"elementor-widget-container\">\n\t\t\t\t\t\t\t<p><em><strong>Die Fussreflexzonentherapie<\/strong><\/em> ist eine sehr alte Behandlungs-methode die schon in unseren Urv\u00f6lker-Kulturen praktiziert wurde.<\/p><p>Der Fuss wird als Landkarte des K\u00f6rpers angeschaut. Somit ist jedes Organ, sowie Organsystem am Fuss abgezeichnet und kann dadurch manuell am Fuss behandelt werden mit Bezug auf das anzuregende Gebiet im K\u00f6rper.<\/p><p>Dadurch k\u00f6nnen wir auch gewisse Organe\/K\u00f6rperteile die von aussen am K\u00f6rper nicht behandelt werden k\u00f6nnen pr\u00e4zise stimulieren.<\/p><p>Wie zum Beispiel das Hormonsystem. Dazu geh\u00f6ren viele innen liegende Organe\/K\u00f6rperteile wie der Hypothalamus, die Hypophyse, die Schilddr\u00fcse, Nebenschilddr\u00fcse, die Bauchspeicheldr\u00fcse, die Nebennieren und die Geschlechtsdr\u00fcsen.<\/p><p>Viele hier genannten K\u00f6rpersysteme sind von aussen am K\u00f6rper manuell schwierig zu behandeln. Durch die Fussreflextherapie ist es m\u00f6glich all diese Bereiche anzuregen, einzeln oder als ganze Hormonsystemzone.<\/p><p>Zudem ist die Fussreflexzonentherapie eine sehr erdende und beruhigende Behandlung. Unsere F\u00fcsse tragen uns nicht nur durch das ganze Leben sondern verbinden uns dadurch auch mit der Erde auf der wir leben.<\/p><p>Es ist eine wundersch\u00f6ne Behandlung in der Du ganz bei Dir sein kannst und runterfahren darfst um Dich wieder mehr zu zentrieren.<\/p>\t\t\t\t\t\t<\/div>\n\t\t\t\t<\/div>\n\t\t\t\t<div class=\"elementor-element elementor-element-3645207 elementor-align-center elementor-widget elementor-widget-button\" data-id=\"3645207\" data-element_type=\"widget\" data-widget_type=\"button.default\">\n\t\t\t\t<div class=\"elementor-widget-container\">\n\t\t\t\t\t<div class=\"elementor-button-wrapper\">\n\t\t\t<a href=\"https:\/\/naturamystica.ch\/?page_id=16\/#Buchung\" class=\"elementor-button-link elementor-button elementor-size-sm\" role=\"button\">\n\t\t\t\t\t\t<span class=\"elementor-button-content-wrapper\">\n\t\t\t\t\t\t<span class=\"elementor-button-text\">Buche eine Sitzung<\/span>\n\t\t<\/span>\n\t\t\t\t\t<\/a>\n\t\t<\/div>\n\t\t\t\t<\/div>\n\t\t\t\t<\/div>\n\t\t\t\t\t<\/div>\n\t\t<\/div>\n\t\t\t\t<div class=\"elementor-column elementor-col-50 elementor-inner-column elementor-element elementor-element-c1cbe43\" data-id=\"c1cbe43\" data-element_type=\"column\">\n\t\t\t<div class=\"elementor-widget-wrap elementor-element-populated\">\n\t\t\t\t\t\t\t\t<div class=\"elementor-element elementor-element-1dadffe elementor-widget elementor-widget-image\" data-id=\"1dadffe\" data-element_type=\"widget\" data-widget_type=\"image.default\">\n\t\t\t\t<div class=\"elementor-widget-container\">\n\t\t\t<style>\/*! elementor - v3.7.8 - 02-10-2022 *\/\n.elementor-widget-image{text-align:center}.elementor-widget-image a{display:inline-block}.elementor-widget-image a img[src$=\".svg\"]{width:48px}.elementor-widget-image img{vertical-align:middle;display:inline-block}<\/style>\t\t\t\t\t\t\t\t\t\t\t\t<img width=\"640\" height=\"427\" src=\"https:\/\/naturamystica.ch\/wp-content\/uploads\/2022\/11\/WhatsApp-Image-2022-11-19-at-12.02.03.jpeg\" class=\"attachment-large size-large\" alt=\"\" loading=\"lazy\" srcset=\"https:\/\/naturamystica.ch\/wp-content\/uploads\/2022\/11\/WhatsApp-Image-2022-11-19-at-12.02.03.jpeg 640w, https:\/\/naturamystica.ch\/wp-content\/uploads\/2022\/11\/WhatsApp-Image-2022-11-19-at-12.02.03-300x200.jpeg 300w\" sizes=\"(max-width: 640px) 100vw, 640px\" \/>\t\t\t\t\t\t\t\t\t\t\t\t\t\t\t<\/div>\n\t\t\t\t<\/div>\n\t\t\t\t\t<\/div>\n\t\t<\/div>\n\t\t\t\t\t\t\t<\/div>\n\t\t<\/section>\n\t\t\t\t\t<\/div>\n\t\t<\/div>\n\t\t\t\t\t\t\t<\/div>\n\t\t<\/section>\n\t\t\t\t\t\t\t<\/div>\n\t\t","protected":false},"excerpt":{"rendered":"<p>\u00a0 Fussreflexzonentherapie Die Fussreflexzonentherapie ist eine sehr alte Behandlungs-methode die schon in unseren Urv\u00f6lker-Kulturen praktiziert wurde. Der Fuss wird als Landkarte des K\u00f6rpers angeschaut. Somit ist jedes Organ, sowie Organsystem am Fuss abgezeichnet und kann dadurch manuell am Fuss behandelt werden mit Bezug auf das anzuregende Gebiet im K\u00f6rper. Dadurch k\u00f6nnen wir auch gewisse Organe\/K\u00f6rperteile &hellip;<\/p>\n<p class=\"read-more\"> <a class=\"\" href=\"https:\/\/naturamystica.ch\/?page_id=2001\"> <span class=\"screen-reader-text\">Fussreflextherapie<\/span> Read More &raquo;<\/a><\/p>\n","protected":false},"author":1,"featured_media":0,"parent":0,"menu_order":0,"comment_status":"closed","ping_status":"closed","template":"","meta":{"om_disable_all_campaigns":false,"_monsterinsights_skip_tracking":false,"_monsterinsights_sitenote_active":false,"_monsterinsights_sitenote_note":"","_monsterinsights_sitenote_category":0,"site-sidebar-layout":"no-sidebar","site-content-layout":"page-builder","ast-global-header-display":"","ast-main-header-display":"","ast-hfb-above-header-display":"","ast-hfb-below-header-display":"","ast-hfb-mobile-header-display":"","site-post-title":"disabled","ast-breadcrumbs-content":"","ast-featured-img":"disabled","footer-sml-layout":"","theme-transparent-header-meta":"","adv-header-id-meta":"","stick-header-meta":"","header-above-stick-meta":"","header-main-stick-meta":"","header-below-stick-meta":""},"aioseo_notices":[],"_links":{"self":[{"href":"https:\/\/naturamystica.ch\/index.php?rest_route=\/wp\/v2\/pages\/2001"}],"collection":[{"href":"https:\/\/naturamystica.ch\/index.php?rest_route=\/wp\/v2\/pages"}],"about":[{"href":"https:\/\/naturamystica.ch\/index.php?rest_route=\/wp\/v2\/types\/page"}],"author":[{"embeddable":true,"href":"https:\/\/naturamystica.ch\/index.php?rest_route=\/wp\/v2\/users\/1"}],"replies":[{"embeddable":true,"href":"https:\/\/naturamystica.ch\/index.php?rest_route=%2Fwp%2Fv2%2Fcomments&post=2001"}],"version-history":[{"count":25,"href":"https:\/\/naturamystica.ch\/index.php?rest_route=\/wp\/v2\/pages\/2001\/revisions"}],"predecessor-version":[{"id":2446,"href":"https:\/\/naturamystica.ch\/index.php?rest_route=\/wp\/v2\/pages\/2001\/revisions\/2446"}],"wp:attachment":[{"href":"https:\/\/naturamystica.ch\/index.php?rest_route=%2Fwp%2Fv2%2Fmedia&parent=2001"}],"curies":[{"name":"wp","href":"https:\/\/api.w.org\/{rel}","templated":true}]}}