{"id":2052,"date":"2022-12-04T18:51:29","date_gmt":"2022-12-04T18:51:29","guid":{"rendered":"https:\/\/naturamystica.ch\/?page_id=2052"},"modified":"2024-03-27T19:34:09","modified_gmt":"2024-03-27T19:34:09","slug":"uber-mich","status":"publish","type":"page","link":"https:\/\/naturamystica.ch\/?page_id=2052","title":{"rendered":"\u00dcber Mich"},"content":{"rendered":"\t\t<div data-elementor-type=\"wp-page\" data-elementor-id=\"2052\" class=\"elementor elementor-2052\">\n\t\t\t\t\t\t\t\t\t<section class=\"elementor-section elementor-top-section elementor-element elementor-element-6c5273d elementor-section-full_width elementor-section-height-default elementor-section-height-default\" data-id=\"6c5273d\" data-element_type=\"section\" data-settings=\"{&quot;background_background&quot;:&quot;classic&quot;}\">\n\t\t\t\t\t\t<div class=\"elementor-container elementor-column-gap-default\">\n\t\t\t\t\t<div class=\"elementor-column elementor-col-50 elementor-top-column elementor-element elementor-element-6915e76\" data-id=\"6915e76\" data-element_type=\"column\">\n\t\t\t<div class=\"elementor-widget-wrap\">\n\t\t\t\t\t\t\t\t\t<\/div>\n\t\t<\/div>\n\t\t\t\t<div class=\"elementor-column elementor-col-50 elementor-top-column elementor-element elementor-element-1701d62\" data-id=\"1701d62\" data-element_type=\"column\">\n\t\t\t<div class=\"elementor-widget-wrap elementor-element-populated\">\n\t\t\t\t\t\t\t\t<div class=\"elementor-element elementor-element-24a4eab elementor-widget elementor-widget-text-editor\" data-id=\"24a4eab\" data-element_type=\"widget\" data-widget_type=\"text-editor.default\">\n\t\t\t\t<div class=\"elementor-widget-container\">\n\t\t\t<style>\/*! elementor - v3.7.8 - 02-10-2022 *\/\n.elementor-widget-text-editor.elementor-drop-cap-view-stacked .elementor-drop-cap{background-color:#818a91;color:#fff}.elementor-widget-text-editor.elementor-drop-cap-view-framed .elementor-drop-cap{color:#818a91;border:3px solid;background-color:transparent}.elementor-widget-text-editor:not(.elementor-drop-cap-view-default) .elementor-drop-cap{margin-top:8px}.elementor-widget-text-editor:not(.elementor-drop-cap-view-default) .elementor-drop-cap-letter{width:1em;height:1em}.elementor-widget-text-editor .elementor-drop-cap{float:left;text-align:center;line-height:1;font-size:50px}.elementor-widget-text-editor .elementor-drop-cap-letter{display:inline-block}<\/style>\t\t\t\t<p>\u00a0<\/p><p>Nina Eugster<\/p>\t\t\t\t\t\t<\/div>\n\t\t\t\t<\/div>\n\t\t\t\t\t<\/div>\n\t\t<\/div>\n\t\t\t\t\t\t\t<\/div>\n\t\t<\/section>\n\t\t\t\t<section class=\"elementor-section elementor-top-section elementor-element elementor-element-f9a196d elementor-section-full_width elementor-section-height-default elementor-section-height-default\" data-id=\"f9a196d\" data-element_type=\"section\">\n\t\t\t\t\t\t<div class=\"elementor-container elementor-column-gap-default\">\n\t\t\t\t\t<div class=\"elementor-column elementor-col-100 elementor-top-column elementor-element elementor-element-ae15edc\" data-id=\"ae15edc\" data-element_type=\"column\" data-settings=\"{&quot;background_background&quot;:&quot;classic&quot;}\">\n\t\t\t<div class=\"elementor-widget-wrap elementor-element-populated\">\n\t\t\t\t\t\t\t\t<section class=\"elementor-section elementor-inner-section elementor-element elementor-element-9601bd8 elementor-section-boxed elementor-section-height-default elementor-section-height-default\" data-id=\"9601bd8\" data-element_type=\"section\">\n\t\t\t\t\t\t<div class=\"elementor-container elementor-column-gap-default\">\n\t\t\t\t\t<div class=\"elementor-column elementor-col-50 elementor-inner-column elementor-element elementor-element-68c93ea\" data-id=\"68c93ea\" data-element_type=\"column\">\n\t\t\t<div class=\"elementor-widget-wrap elementor-element-populated\">\n\t\t\t\t\t\t\t\t<div class=\"elementor-element elementor-element-02f26bc elementor-widget elementor-widget-text-editor\" data-id=\"02f26bc\" data-element_type=\"widget\" data-widget_type=\"text-editor.default\">\n\t\t\t\t<div class=\"elementor-widget-container\">\n\t\t\t\t\t\t\t<p><em><strong>\u00dcber mich<\/strong><\/em><\/p><p>Die Naturheilkunde ist ein Gegenstrom zur\u00fcck zum Ursprung in unserer schnelllebigen Welt. Anstatt den Fokus auf einzelne k\u00f6rperliche Symptome zu legen behandle ich den Menschen als Ganzes, K\u00f6rper und Seele als Einheit und unterst\u00fctze Dich dabei deine Balance und Gesundheit wieder zu finden.<\/p><p>Wenn ich nicht gerade in meiner Praxis bin, findest du mich in der Natur, auf der Yogamatte oder mit Freunden und Familie unterwegs. Neben dem offenen Herzen f\u00fcr meine Mitmenschen habe ich ebenfalls ein grosses Herz f\u00fcr Tiere.<\/p><p>Das Leben ist ein Geschenk und nur Du setzt dir deine Grenzen selbst, lass uns zusammen herausfinden wie Du dein ganzes Potential entfalten kannst und diese Welt zu einem besseren Ort machen kannst, in dem Du deine liebste und beste Version von Dir selbst lebst.<\/p>\t\t\t\t\t\t<\/div>\n\t\t\t\t<\/div>\n\t\t\t\t\t<\/div>\n\t\t<\/div>\n\t\t\t\t<div class=\"elementor-column elementor-col-50 elementor-inner-column elementor-element elementor-element-7d07930\" data-id=\"7d07930\" data-element_type=\"column\">\n\t\t\t<div class=\"elementor-widget-wrap elementor-element-populated\">\n\t\t\t\t\t\t\t\t<div class=\"elementor-element elementor-element-86001f2 elementor-widget elementor-widget-image\" data-id=\"86001f2\" data-element_type=\"widget\" data-widget_type=\"image.default\">\n\t\t\t\t<div class=\"elementor-widget-container\">\n\t\t\t<style>\/*! elementor - v3.7.8 - 02-10-2022 *\/\n.elementor-widget-image{text-align:center}.elementor-widget-image a{display:inline-block}.elementor-widget-image a img[src$=\".svg\"]{width:48px}.elementor-widget-image img{vertical-align:middle;display:inline-block}<\/style>\t\t\t\t\t\t\t\t\t\t\t\t<img width=\"957\" height=\"1024\" src=\"https:\/\/naturamystica.ch\/wp-content\/uploads\/2022\/12\/IMG_0125-957x1024.jpg\" class=\"attachment-large size-large\" alt=\"\" loading=\"lazy\" srcset=\"https:\/\/naturamystica.ch\/wp-content\/uploads\/2022\/12\/IMG_0125-957x1024.jpg 957w, https:\/\/naturamystica.ch\/wp-content\/uploads\/2022\/12\/IMG_0125-280x300.jpg 280w, https:\/\/naturamystica.ch\/wp-content\/uploads\/2022\/12\/IMG_0125-768x822.jpg 768w, https:\/\/naturamystica.ch\/wp-content\/uploads\/2022\/12\/IMG_0125-1436x1536.jpg 1436w, https:\/\/naturamystica.ch\/wp-content\/uploads\/2022\/12\/IMG_0125.jpg 1503w\" sizes=\"(max-width: 957px) 100vw, 957px\" \/>\t\t\t\t\t\t\t\t\t\t\t\t\t\t\t<\/div>\n\t\t\t\t<\/div>\n\t\t\t\t\t<\/div>\n\t\t<\/div>\n\t\t\t\t\t\t\t<\/div>\n\t\t<\/section>\n\t\t\t\t\t<\/div>\n\t\t<\/div>\n\t\t\t\t\t\t\t<\/div>\n\t\t<\/section>\n\t\t\t\t<section class=\"elementor-section elementor-top-section elementor-element elementor-element-eeed5e8 elementor-section-full_width elementor-section-height-default elementor-section-height-default\" data-id=\"eeed5e8\" data-element_type=\"section\" data-settings=\"{&quot;background_background&quot;:&quot;classic&quot;}\">\n\t\t\t\t\t\t<div class=\"elementor-container elementor-column-gap-default\">\n\t\t\t\t\t<div class=\"elementor-column elementor-col-100 elementor-top-column elementor-element elementor-element-00c6434\" data-id=\"00c6434\" data-element_type=\"column\">\n\t\t\t<div class=\"elementor-widget-wrap elementor-element-populated\">\n\t\t\t\t\t\t\t\t<div class=\"elementor-element elementor-element-f243372 elementor-widget elementor-widget-text-editor\" data-id=\"f243372\" data-element_type=\"widget\" data-widget_type=\"text-editor.default\">\n\t\t\t\t<div class=\"elementor-widget-container\">\n\t\t\t\t\t\t\t<p>Aus- &amp; Weiterbildungen \/ Berufserfahrung<\/p>\t\t\t\t\t\t<\/div>\n\t\t\t\t<\/div>\n\t\t\t\t\t<\/div>\n\t\t<\/div>\n\t\t\t\t\t\t\t<\/div>\n\t\t<\/section>\n\t\t\t\t<section class=\"elementor-section elementor-top-section elementor-element elementor-element-b5ae181 elementor-section-full_width elementor-section-height-default elementor-section-height-default\" data-id=\"b5ae181\" data-element_type=\"section\" data-settings=\"{&quot;background_background&quot;:&quot;classic&quot;}\">\n\t\t\t\t\t\t<div class=\"elementor-container elementor-column-gap-default\">\n\t\t\t\t\t<div class=\"elementor-column elementor-col-33 elementor-top-column elementor-element elementor-element-825f5ca\" data-id=\"825f5ca\" data-element_type=\"column\">\n\t\t\t<div class=\"elementor-widget-wrap\">\n\t\t\t\t\t\t\t\t\t<\/div>\n\t\t<\/div>\n\t\t\t\t<div class=\"elementor-column elementor-col-33 elementor-top-column elementor-element elementor-element-4c1cb28\" data-id=\"4c1cb28\" data-element_type=\"column\">\n\t\t\t<div class=\"elementor-widget-wrap elementor-element-populated\">\n\t\t\t\t\t\t\t\t<div class=\"elementor-element elementor-element-04f8990 elementor-widget elementor-widget-text-editor\" data-id=\"04f8990\" data-element_type=\"widget\" data-widget_type=\"text-editor.default\">\n\t\t\t\t<div class=\"elementor-widget-container\">\n\t\t\t\t\t\t\t<p><br><\/p>\n<p>2022 &#8211; jetzt: &nbsp;Naturheilpraktikerin bei Origin Massage Winterthur<\/p>\n<p>2019 &#8211; 2023:&nbsp; Studium zur Naturheilpraktikerin, Traditionelle europ\u00e4ische Naturheilkunde NHK<\/p>\n<p>2019:&nbsp; &nbsp; &nbsp; &nbsp; &nbsp; &nbsp; 200 Stunden Ausbildung zur Yogalehrerin in Indien im Ayuryoga Ecoashram<\/p>\n<p>2020 &#8211; 2022:&nbsp; Arztsekret\u00e4rin Universit\u00e4tsspital Z\u00fcrich, Kardiologie<\/p>\n<p>2015 &#8211; 2020:&nbsp; Arztsekret\u00e4rin Schulthess Klinik, Orthop\u00e4die<\/p>\n<p>2014 &#8211; 2015:&nbsp; &nbsp;Intensivkurs zur Arzt- und Spitalsekret\u00e4rin<\/p>\n<p>2011 &#8211; 2014:&nbsp; &nbsp;Berufsausbildung zur Fachfrau Gesundheit, Kantonsspital M\u00fcnsterlingen<\/p>\n<p><\/p>\t\t\t\t\t\t<\/div>\n\t\t\t\t<\/div>\n\t\t\t\t\t<\/div>\n\t\t<\/div>\n\t\t\t\t<div class=\"elementor-column elementor-col-33 elementor-top-column elementor-element elementor-element-77dfc37\" data-id=\"77dfc37\" data-element_type=\"column\">\n\t\t\t<div class=\"elementor-widget-wrap\">\n\t\t\t\t\t\t\t\t\t<\/div>\n\t\t<\/div>\n\t\t\t\t\t\t\t<\/div>\n\t\t<\/section>\n\t\t\t\t\t\t\t<\/div>\n\t\t","protected":false},"excerpt":{"rendered":"<p>\u00a0 Nina Eugster \u00dcber mich Die Naturheilkunde ist ein Gegenstrom zur\u00fcck zum Ursprung in unserer schnelllebigen Welt. Anstatt den Fokus auf einzelne k\u00f6rperliche Symptome zu legen behandle ich den Menschen als Ganzes, K\u00f6rper und Seele als Einheit und unterst\u00fctze Dich dabei deine Balance und Gesundheit wieder zu finden. Wenn ich nicht gerade in meiner Praxis &hellip;<\/p>\n<p class=\"read-more\"> <a class=\"\" href=\"https:\/\/naturamystica.ch\/?page_id=2052\"> <span class=\"screen-reader-text\">\u00dcber Mich<\/span> Read More &raquo;<\/a><\/p>\n","protected":false},"author":1,"featured_media":0,"parent":0,"menu_order":0,"comment_status":"closed","ping_status":"closed","template":"","meta":{"om_disable_all_campaigns":false,"_monsterinsights_skip_tracking":false,"_monsterinsights_sitenote_active":false,"_monsterinsights_sitenote_note":"","_monsterinsights_sitenote_category":0,"site-sidebar-layout":"no-sidebar","site-content-layout":"page-builder","ast-global-header-display":"","ast-main-header-display":"","ast-hfb-above-header-display":"","ast-hfb-below-header-display":"","ast-hfb-mobile-header-display":"","site-post-title":"disabled","ast-breadcrumbs-content":"","ast-featured-img":"disabled","footer-sml-layout":"","theme-transparent-header-meta":"","adv-header-id-meta":"","stick-header-meta":"","header-above-stick-meta":"","header-main-stick-meta":"","header-below-stick-meta":""},"aioseo_notices":[],"_links":{"self":[{"href":"https:\/\/naturamystica.ch\/index.php?rest_route=\/wp\/v2\/pages\/2052"}],"collection":[{"href":"https:\/\/naturamystica.ch\/index.php?rest_route=\/wp\/v2\/pages"}],"about":[{"href":"https:\/\/naturamystica.ch\/index.php?rest_route=\/wp\/v2\/types\/page"}],"author":[{"embeddable":true,"href":"https:\/\/naturamystica.ch\/index.php?rest_route=\/wp\/v2\/users\/1"}],"replies":[{"embeddable":true,"href":"https:\/\/naturamystica.ch\/index.php?rest_route=%2Fwp%2Fv2%2Fcomments&post=2052"}],"version-history":[{"count":49,"href":"https:\/\/naturamystica.ch\/index.php?rest_route=\/wp\/v2\/pages\/2052\/revisions"}],"predecessor-version":[{"id":2522,"href":"https:\/\/naturamystica.ch\/index.php?rest_route=\/wp\/v2\/pages\/2052\/revisions\/2522"}],"wp:attachment":[{"href":"https:\/\/naturamystica.ch\/index.php?rest_route=%2Fwp%2Fv2%2Fmedia&parent=2052"}],"curies":[{"name":"wp","href":"https:\/\/api.w.org\/{rel}","templated":true}]}}